{"id":14,"date":"2025-11-26T01:26:35","date_gmt":"2025-11-26T07:26:35","guid":{"rendered":"https:\/\/magritep.directorio-comercial.com\/?page_id=14"},"modified":"2025-12-04T04:36:21","modified_gmt":"2025-12-04T10:36:21","slug":"inicio","status":"publish","type":"page","link":"https:\/\/magritep.directorio-comercial.com\/","title":{"rendered":"Inicio"},"content":{"rendered":"\n<div class=\"wp-block-columns is-not-stacked-on-mobile is-layout-flex wp-container-core-columns-is-layout-28b55a6e wp-block-columns-is-layout-flex\" style=\"padding-top:var(--wp--preset--spacing--10);padding-bottom:var(--wp--preset--spacing--10)\">\n<div class=\"wp-block-column is-layout-flow wp-block-column-is-layout-flow\" style=\"flex-basis:2%\"><\/div>\n\n\n\n<div class=\"wp-block-column is-layout-flow wp-block-column-is-layout-flow\" style=\"flex-basis:95%\">\n<div class=\"wp-block-group is-content-justification-center is-nowrap is-layout-flex wp-container-core-group-is-layout-23441af8 wp-block-group-is-layout-flex\">\n<img loading=\"lazy\" decoding=\"async\" width=\"2048\" height=\"1152\" data-media-id=\"9\" class=\"gb-media-0cd058f9\" alt=\"\" src=\"https:\/\/magritep.directorio-comercial.com\/wp-content\/uploads\/2025\/11\/poster.jpg\" srcset=\"https:\/\/magritep.directorio-comercial.com\/wp-content\/uploads\/2025\/11\/poster.jpg 2048w, https:\/\/magritep.directorio-comercial.com\/wp-content\/uploads\/2025\/11\/poster-300x169.jpg 300w, https:\/\/magritep.directorio-comercial.com\/wp-content\/uploads\/2025\/11\/poster-1024x576.jpg 1024w, https:\/\/magritep.directorio-comercial.com\/wp-content\/uploads\/2025\/11\/poster-768x432.jpg 768w, https:\/\/magritep.directorio-comercial.com\/wp-content\/uploads\/2025\/11\/poster-1536x864.jpg 1536w\" sizes=\"auto, (max-width: 2048px) 100vw, 2048px\" \/>\n<\/div>\n<\/div>\n\n\n\n<div class=\"wp-block-column is-layout-flow wp-block-column-is-layout-flow\" style=\"flex-basis:2%\"><\/div>\n<\/div>\n\n\n\n<div class=\"wp-block-group has-global-padding is-layout-constrained wp-block-group-is-layout-constrained\">\n<h2 class=\"wp-block-heading has-text-align-center is-style-default has-background has-large-font-size\" style=\"border-radius:19px;background-color:#9ccb3b;padding-top:var(--wp--preset--spacing--10);padding-right:var(--wp--preset--spacing--10);padding-bottom:var(--wp--preset--spacing--10);padding-left:var(--wp--preset--spacing--10)\">Conoce un poco de nosotros<\/h2>\n\n\n\n<p class=\"gb-text gb-text-525326cd\">Fabricaci\u00f3n de equipos para composteo y biorreactores para producci\u00f3n de abonos org\u00e1nicos, biotitita<\/p>\n\n\n\n\n\n\n\n\n<\/div>\n","protected":false},"excerpt":{"rendered":"<p>Conoce un poco de nosotros Fabricaci\u00f3n de equipos para composteo y biorreactores para producci\u00f3n de abonos org\u00e1nicos, biotitita<\/p>\n","protected":false},"author":1,"featured_media":0,"parent":0,"menu_order":0,"comment_status":"closed","ping_status":"closed","template":"page-no-title","meta":{"_acf_changed":false,"footnotes":""},"class_list":["post-14","page","type-page","status-publish","hentry"],"acf":[],"_links":{"self":[{"href":"https:\/\/magritep.directorio-comercial.com\/index.php?rest_route=\/wp\/v2\/pages\/14","targetHints":{"allow":["GET"]}}],"collection":[{"href":"https:\/\/magritep.directorio-comercial.com\/index.php?rest_route=\/wp\/v2\/pages"}],"about":[{"href":"https:\/\/magritep.directorio-comercial.com\/index.php?rest_route=\/wp\/v2\/types\/page"}],"author":[{"embeddable":true,"href":"https:\/\/magritep.directorio-comercial.com\/index.php?rest_route=\/wp\/v2\/users\/1"}],"replies":[{"embeddable":true,"href":"https:\/\/magritep.directorio-comercial.com\/index.php?rest_route=%2Fwp%2Fv2%2Fcomments&post=14"}],"version-history":[{"count":5,"href":"https:\/\/magritep.directorio-comercial.com\/index.php?rest_route=\/wp\/v2\/pages\/14\/revisions"}],"predecessor-version":[{"id":52,"href":"https:\/\/magritep.directorio-comercial.com\/index.php?rest_route=\/wp\/v2\/pages\/14\/revisions\/52"}],"wp:attachment":[{"href":"https:\/\/magritep.directorio-comercial.com\/index.php?rest_route=%2Fwp%2Fv2%2Fmedia&parent=14"}],"curies":[{"name":"wp","href":"https:\/\/api.w.org\/{rel}","templated":true}]}}